{"id":1355,"date":"2015-09-10T18:05:27","date_gmt":"2015-09-10T16:05:27","guid":{"rendered":"http:\/\/www.champi-net.ch\/?page_id=1355"},"modified":"2015-09-10T18:26:06","modified_gmt":"2015-09-10T16:26:06","slug":"sortie-cantonale-acvm-2015","status":"publish","type":"page","link":"https:\/\/www.champi-net.ch\/?page_id=1355","title":{"rendered":"Sortie cantonale ACVM &#8211; 6 septembre 2015"},"content":{"rendered":"\n<table id=\"tablepress-16\" class=\"tablepress tablepress-id-16\">\n<tbody class=\"row-striping\">\n<tr class=\"row-1\">\n\t<td class=\"column-1\"><img loading=\"lazy\" decoding=\"async\" src=\"http:\/\/www.champi-net.ch\/wp-content\/uploads\/table-12-300x225.jpg\" alt=\"table 1\" width=\"300\" height=\"225\" class=\"alignleft size-medium wp-image-1352\" srcset=\"https:\/\/www.champi-net.ch\/wp-content\/uploads\/table-12-300x225.jpg 300w, https:\/\/www.champi-net.ch\/wp-content\/uploads\/table-12.jpg 1024w, https:\/\/www.champi-net.ch\/wp-content\/uploads\/table-12-400x300.jpg 400w\" sizes=\"auto, (max-width: 300px) 100vw, 300px\" \/><\/td><td class=\"column-2\"><img loading=\"lazy\" decoding=\"async\" src=\"http:\/\/www.champi-net.ch\/wp-content\/uploads\/table-22-300x225.jpg\" alt=\"table 2\" width=\"300\" height=\"225\" class=\"alignleft size-medium wp-image-1353\" srcset=\"https:\/\/www.champi-net.ch\/wp-content\/uploads\/table-22-300x225.jpg 300w, https:\/\/www.champi-net.ch\/wp-content\/uploads\/table-22.jpg 1024w, https:\/\/www.champi-net.ch\/wp-content\/uploads\/table-22-400x300.jpg 400w\" sizes=\"auto, (max-width: 300px) 100vw, 300px\" \/><\/td>\n<\/tr>\n<tr class=\"row-2\">\n\t<td class=\"column-1\">Plus de 140 esp\u00e8ces, soigneusement \u00e9tiquet\u00e9es la veille par les experts, ont \u00e9t\u00e9 pr\u00e9sent\u00e9es sur les tables d'exposition lors de la sortie cantonale annuelle de l'ACVM organis\u00e9e par la section de Martigny en ce dimanche 6 septembre 2015. L'exposition \u00e9tait ouverte au public apr\u00e8s le repas organis\u00e9 \u00e0 l'ancienne laiterie de Martigny-bourg.<br \/>\n<\/td><td class=\"column-2\"><img loading=\"lazy\" decoding=\"async\" src=\"http:\/\/www.champi-net.ch\/wp-content\/uploads\/Jean-Paul-300x225.jpg\" alt=\"Jean-Paul\" width=\"300\" height=\"225\" class=\"alignleft size-medium wp-image-1349\" srcset=\"https:\/\/www.champi-net.ch\/wp-content\/uploads\/Jean-Paul-300x225.jpg 300w, https:\/\/www.champi-net.ch\/wp-content\/uploads\/Jean-Paul.jpg 1024w, https:\/\/www.champi-net.ch\/wp-content\/uploads\/Jean-Paul-400x300.jpg 400w\" sizes=\"auto, (max-width: 300px) 100vw, 300px\" \/><\/td>\n<\/tr>\n<tr class=\"row-3\">\n\t<td class=\"column-1\"><img loading=\"lazy\" decoding=\"async\" src=\"http:\/\/www.champi-net.ch\/wp-content\/uploads\/participants-21-300x225.jpg\" alt=\"participants 2\" width=\"300\" height=\"225\" class=\"alignleft size-medium wp-image-1351\" srcset=\"https:\/\/www.champi-net.ch\/wp-content\/uploads\/participants-21-300x225.jpg 300w, https:\/\/www.champi-net.ch\/wp-content\/uploads\/participants-21.jpg 1024w, https:\/\/www.champi-net.ch\/wp-content\/uploads\/participants-21-400x300.jpg 400w\" sizes=\"auto, (max-width: 300px) 100vw, 300px\" \/><\/td><td class=\"column-2\"><img loading=\"lazy\" decoding=\"async\" src=\"http:\/\/www.champi-net.ch\/wp-content\/uploads\/participants-11-300x225.jpg\" alt=\"participants 1\" width=\"300\" height=\"225\" class=\"alignleft size-medium wp-image-1350\" srcset=\"https:\/\/www.champi-net.ch\/wp-content\/uploads\/participants-11-300x225.jpg 300w, https:\/\/www.champi-net.ch\/wp-content\/uploads\/participants-11.jpg 1024w, https:\/\/www.champi-net.ch\/wp-content\/uploads\/participants-11-400x300.jpg 400w\" sizes=\"auto, (max-width: 300px) 100vw, 300px\" \/><\/td>\n<\/tr>\n<\/tbody>\n<\/table>\n\n<p><span style=\"font-size: 16pt;\"><a title=\"Compte rendu des herborisations de la CE\" href=\"http:\/\/www.champi-net.ch\/?page_id=869\"><u><span style=\"color: #0066cc;\">Comptes rendus des herborisation ACVM<\/span><\/u><\/a><\/span><\/p>\n","protected":false},"excerpt":{"rendered":"<p>Comptes rendus des herborisation ACVM<\/p>\n","protected":false},"author":4,"featured_media":0,"parent":0,"menu_order":0,"comment_status":"closed","ping_status":"closed","template":"sidebar-page.php","meta":{"footnotes":""},"class_list":["post-1355","page","type-page","status-publish","hentry"],"_links":{"self":[{"href":"https:\/\/www.champi-net.ch\/index.php?rest_route=\/wp\/v2\/pages\/1355","targetHints":{"allow":["GET"]}}],"collection":[{"href":"https:\/\/www.champi-net.ch\/index.php?rest_route=\/wp\/v2\/pages"}],"about":[{"href":"https:\/\/www.champi-net.ch\/index.php?rest_route=\/wp\/v2\/types\/page"}],"author":[{"embeddable":true,"href":"https:\/\/www.champi-net.ch\/index.php?rest_route=\/wp\/v2\/users\/4"}],"replies":[{"embeddable":true,"href":"https:\/\/www.champi-net.ch\/index.php?rest_route=%2Fwp%2Fv2%2Fcomments&post=1355"}],"version-history":[{"count":3,"href":"https:\/\/www.champi-net.ch\/index.php?rest_route=\/wp\/v2\/pages\/1355\/revisions"}],"predecessor-version":[{"id":1365,"href":"https:\/\/www.champi-net.ch\/index.php?rest_route=\/wp\/v2\/pages\/1355\/revisions\/1365"}],"wp:attachment":[{"href":"https:\/\/www.champi-net.ch\/index.php?rest_route=%2Fwp%2Fv2%2Fmedia&parent=1355"}],"curies":[{"name":"wp","href":"https:\/\/api.w.org\/{rel}","templated":true}]}}