{"id":1453,"date":"2016-01-21T21:10:14","date_gmt":"2016-01-21T20:10:14","guid":{"rendered":"http:\/\/www.champi-net.ch\/?page_id=1453"},"modified":"2024-06-22T18:17:34","modified_gmt":"2024-06-22T16:17:34","slug":"chamoson","status":"publish","type":"page","link":"https:\/\/www.champi-net.ch\/?page_id=1453","title":{"rendered":"Chamoson"},"content":{"rendered":"<p><a href=\"https:\/\/www.champi-net.ch\/?attachment_id=3901\" rel=\"attachment wp-att-3901\"><img loading=\"lazy\" decoding=\"async\" class=\"size-full wp-image-3901 alignnone\" src=\"https:\/\/www.champi-net.ch\/wp-content\/uploads\/2024\/06\/logo-Chamoson.jpg\" alt=\"\" width=\"129\" height=\"140\" \/><\/a><\/p>\n<p><span style=\"font-size: 16pt; color: #339966;\"><em>Cercle Mycologique de Chamoson-Leytron-Ardon-Riddes<\/em><\/span><\/p>\n<p><span style=\"font-size: 14pt; color: #3366ff;\"><em><u>Activit\u00e9s 2024<\/u><\/em><\/span><\/p>\n<p><em>Di. 31 mars\u00a0 \u00a0 \u00a0 \u00a0 \u00a0 \u00a0 \u00a0 \u00a0 \u00a0 \u00a0 \u00a0 \u00a0 \u00a0 \u00a0 \u00a0Loto- Salle de la Coop \u2013 Leytron<\/em><\/p>\n<p><em>Di.19 mai\u00a0 \u00a0 \u00a0 \u00a0 \u00a0 \u00a0 \u00a0 \u00a0 \u00a0 \u00a0 \u00a0 \u00a0 \u00a0 \u00a0 \u00a0 \u00a0 Sortie Famille au couvert Favre Hubert<\/em><\/p>\n<p><em>Di. 2 juin\u00a0 \u00a0 \u00a0 \u00a0 \u00a0 \u00a0 \u00a0 \u00a0 \u00a0 \u00a0 \u00a0 \u00a0 \u00a0 \u00a0 \u00a0 \u00a0 \u00a0Matin\u00e9e d\u2019\u00e9tude \u00e0 Chamoson<\/em><\/p>\n<p><em>Di. 1<sup>er<\/sup> septembre\u00a0 \u00a0 \u00a0 \u00a0 \u00a0 \u00a0 \u00a0 \u00a0 \u00a0 \u00a0Sortie cantonale \u00e0 Monthey<\/em><\/p>\n<p><em>Sa et di.12 et 13 octobre\u00a0 \u00a0 \u00a0 \u00a0Sortie de 2 jours \u00e0 Giaveno en Italie<\/em><\/p>\n<p><em>Sa.25 janvier 2025\u00a0 \u00a0 \u00a0 \u00a0 \u00a0 \u00a0 \u00a0 \u00a0 Assembl\u00e9e g\u00e9n\u00e9rale ACVM \u00e0 Sion<\/em><\/p>\n<p><em>Sa. 22 f\u00e9vrier 2025\u00a0 \u00a0 \u00a0 \u00a0 \u00a0 \u00a0 \u00a0 \u00a0 Assembl\u00e9e g\u00e9n\u00e9rale et souper<\/em><\/p>\n<p><em>\u00a0<\/em><em>Les personnes int\u00e9ress\u00e9es aux matin\u00e9es d\u2019\u00e9tude qui sont organis\u00e9es chaque premier dimanche du mois, d\u00e8s le mois de mai et jusqu\u2019en octobre (de 8 hres \u00e0 12 hres) peuvent se renseigner aupr\u00e8s <\/em><\/p>\n<p><em>d\u2019Isabelle au\u00a0 079&rsquo;456\u201913\u201956<\/em><em>\u00a0 \u00a0ou\u00a0 \u00a0<\/em><span style=\"font-size: 12pt;\"><em>C\u00e9cile au\u00a0 079&rsquo;683\u201943\u201978<\/em><\/span><\/p>\n","protected":false},"excerpt":{"rendered":"<p>Cercle Mycologique de Chamoson-Leytron-Ardon-Riddes Activit\u00e9s 2024 Di. 31 mars\u00a0 \u00a0 \u00a0 \u00a0 \u00a0 \u00a0 \u00a0 \u00a0 \u00a0 \u00a0 \u00a0 \u00a0 \u00a0 \u00a0 \u00a0Loto- Salle de la Coop \u2013 Leytron Di.19 mai\u00a0 \u00a0 \u00a0 \u00a0 \u00a0 \u00a0 \u00a0 \u00a0 \u00a0 \u00a0 &hellip; <a href=\"https:\/\/www.champi-net.ch\/?page_id=1453\">Continuer la lecture <span class=\"meta-nav\">&rarr;<\/span><\/a><\/p>\n","protected":false},"author":4,"featured_media":0,"parent":0,"menu_order":0,"comment_status":"closed","ping_status":"closed","template":"","meta":{"footnotes":""},"class_list":["post-1453","page","type-page","status-publish","hentry"],"_links":{"self":[{"href":"https:\/\/www.champi-net.ch\/index.php?rest_route=\/wp\/v2\/pages\/1453","targetHints":{"allow":["GET"]}}],"collection":[{"href":"https:\/\/www.champi-net.ch\/index.php?rest_route=\/wp\/v2\/pages"}],"about":[{"href":"https:\/\/www.champi-net.ch\/index.php?rest_route=\/wp\/v2\/types\/page"}],"author":[{"embeddable":true,"href":"https:\/\/www.champi-net.ch\/index.php?rest_route=\/wp\/v2\/users\/4"}],"replies":[{"embeddable":true,"href":"https:\/\/www.champi-net.ch\/index.php?rest_route=%2Fwp%2Fv2%2Fcomments&post=1453"}],"version-history":[{"count":13,"href":"https:\/\/www.champi-net.ch\/index.php?rest_route=\/wp\/v2\/pages\/1453\/revisions"}],"predecessor-version":[{"id":3967,"href":"https:\/\/www.champi-net.ch\/index.php?rest_route=\/wp\/v2\/pages\/1453\/revisions\/3967"}],"wp:attachment":[{"href":"https:\/\/www.champi-net.ch\/index.php?rest_route=%2Fwp%2Fv2%2Fmedia&parent=1453"}],"curies":[{"name":"wp","href":"https:\/\/api.w.org\/{rel}","templated":true}]}}