{"id":3141,"date":"2021-09-07T19:46:54","date_gmt":"2021-09-07T17:46:54","guid":{"rendered":"http:\/\/www.champi-net.ch\/?page_id=3141"},"modified":"2026-04-08T13:52:53","modified_gmt":"2026-04-08T11:52:53","slug":"une-passion-partagee","status":"publish","type":"page","link":"https:\/\/www.champi-net.ch\/","title":{"rendered":"Une passion partag\u00e9e"},"content":{"rendered":"\n<p><\/p>\n\n\n\n<p><img loading=\"lazy\" decoding=\"async\" class=\"alignleft size-full wp-image-1810\" src=\"https:\/\/www.champi-net.ch\/wp-content\/uploads\/2016\/05\/morchella-tridentina.jpg\" alt=\"\" width=\"3648\" height=\"2736\" srcset=\"https:\/\/www.champi-net.ch\/wp-content\/uploads\/2016\/05\/morchella-tridentina.jpg 3648w, https:\/\/www.champi-net.ch\/wp-content\/uploads\/2016\/05\/morchella-tridentina-300x225.jpg 300w, https:\/\/www.champi-net.ch\/wp-content\/uploads\/2016\/05\/morchella-tridentina-1024x768.jpg 1024w, https:\/\/www.champi-net.ch\/wp-content\/uploads\/2016\/05\/morchella-tridentina-400x300.jpg 400w\" sizes=\"auto, (max-width: 3648px) 100vw, 3648px\" \/><\/p>\n<p><span style=\"text-decoration: underline; color: #3366ff;\"><span style=\"font-size: 14pt;\">Prochain Rendez-Vous :<\/span><\/span><\/p>\n<p><em style=\"color: #3366ff; font-size: revert;\"><span style=\"font-size: 18pt;\">Matin\u00e9e d&rsquo;\u00e9tude ACVM le 3 mai 2026, r\u00e9gion Fully<\/span><\/em><\/p>\n<p>\u00a0<\/p>\n\n\n\n<h3 class=\"wp-block-heading\">&nbsp;<\/h3>\n\n\n\n<p><\/p>\n","protected":false},"excerpt":{"rendered":"<p>Prochain Rendez-Vous : Matin\u00e9e d&rsquo;\u00e9tude ACVM le 3 mai 2026, r\u00e9gion Fully \u00a0 &nbsp;<\/p>\n","protected":false},"author":4,"featured_media":0,"parent":0,"menu_order":0,"comment_status":"closed","ping_status":"closed","template":"sidebar-page.php","meta":{"footnotes":""},"class_list":["post-3141","page","type-page","status-publish","hentry"],"_links":{"self":[{"href":"https:\/\/www.champi-net.ch\/index.php?rest_route=\/wp\/v2\/pages\/3141","targetHints":{"allow":["GET"]}}],"collection":[{"href":"https:\/\/www.champi-net.ch\/index.php?rest_route=\/wp\/v2\/pages"}],"about":[{"href":"https:\/\/www.champi-net.ch\/index.php?rest_route=\/wp\/v2\/types\/page"}],"author":[{"embeddable":true,"href":"https:\/\/www.champi-net.ch\/index.php?rest_route=\/wp\/v2\/users\/4"}],"replies":[{"embeddable":true,"href":"https:\/\/www.champi-net.ch\/index.php?rest_route=%2Fwp%2Fv2%2Fcomments&post=3141"}],"version-history":[{"count":99,"href":"https:\/\/www.champi-net.ch\/index.php?rest_route=\/wp\/v2\/pages\/3141\/revisions"}],"predecessor-version":[{"id":4340,"href":"https:\/\/www.champi-net.ch\/index.php?rest_route=\/wp\/v2\/pages\/3141\/revisions\/4340"}],"wp:attachment":[{"href":"https:\/\/www.champi-net.ch\/index.php?rest_route=%2Fwp%2Fv2%2Fmedia&parent=3141"}],"curies":[{"name":"wp","href":"https:\/\/api.w.org\/{rel}","templated":true}]}}